{"id":7168,"date":"2025-05-08T18:03:52","date_gmt":"2025-05-08T16:03:52","guid":{"rendered":"https:\/\/royal-meuble.fr\/?post_type=product&#038;p=7168"},"modified":"2025-05-08T21:46:56","modified_gmt":"2025-05-08T19:46:56","slug":"table-a-manger-rallonge","status":"publish","type":"product","link":"https:\/\/royal-meuble.fr\/index.php\/product\/table-a-manger-rallonge\/","title":{"rendered":"TABLE A MANGER RALLONGE CERAMIQUE SOFIA"},"content":{"rendered":"<p>FERME: L:125cm P:90cm H:75cm<br \/>\nOUVERT: L:165cm P:90cm H:75cm<\/p>\n<p>Plateau en c\u00e9ramique:<br \/>\n&#8211; Anti-rayure<br \/>\n&#8211; Forte r\u00e9sistance \u00e0 la chaleur<br \/>\n&#8211; Renforcement bois sous le plateau<\/p>\n<p>Pi\u00e8tement en bois laqu\u00e9 et inox<\/p>\n","protected":false},"excerpt":{"rendered":"<p>FERME: L:125cm P:90cm H:75cm OUVERT: L:165cm P:90cm H:75cm Plateau en c\u00e9ramique: &#8211; Anti-rayure &#8211; Forte r\u00e9sistance \u00e0 la chaleur &#8211; Renforcement bois sous le plateau Pi\u00e8tement en bois laqu\u00e9 et inox<\/p>\n","protected":false},"featured_media":7172,"comment_status":"open","ping_status":"closed","template":"","meta":{"om_disable_all_campaigns":false,"_monsterinsights_skip_tracking":false,"_monsterinsights_sitenote_active":false,"_monsterinsights_sitenote_note":"","_monsterinsights_sitenote_category":0},"product_brand":[],"product_cat":[182],"product_tag":[],"class_list":{"0":"post-7168","1":"product","2":"type-product","3":"status-publish","4":"has-post-thumbnail","6":"product_cat-table-repas","8":"first","9":"instock","10":"shipping-taxable","11":"purchasable","12":"product-type-variable","13":"berocket_lgv_grid","14":"berocket_lgv_list_grid"},"aioseo_notices":[],"_links":{"self":[{"href":"https:\/\/royal-meuble.fr\/index.php\/wp-json\/wp\/v2\/product\/7168","targetHints":{"allow":["GET"]}}],"collection":[{"href":"https:\/\/royal-meuble.fr\/index.php\/wp-json\/wp\/v2\/product"}],"about":[{"href":"https:\/\/royal-meuble.fr\/index.php\/wp-json\/wp\/v2\/types\/product"}],"replies":[{"embeddable":true,"href":"https:\/\/royal-meuble.fr\/index.php\/wp-json\/wp\/v2\/comments?post=7168"}],"wp:featuredmedia":[{"embeddable":true,"href":"https:\/\/royal-meuble.fr\/index.php\/wp-json\/wp\/v2\/media\/7172"}],"wp:attachment":[{"href":"https:\/\/royal-meuble.fr\/index.php\/wp-json\/wp\/v2\/media?parent=7168"}],"wp:term":[{"taxonomy":"product_brand","embeddable":true,"href":"https:\/\/royal-meuble.fr\/index.php\/wp-json\/wp\/v2\/product_brand?post=7168"},{"taxonomy":"product_cat","embeddable":true,"href":"https:\/\/royal-meuble.fr\/index.php\/wp-json\/wp\/v2\/product_cat?post=7168"},{"taxonomy":"product_tag","embeddable":true,"href":"https:\/\/royal-meuble.fr\/index.php\/wp-json\/wp\/v2\/product_tag?post=7168"}],"curies":[{"name":"wp","href":"https:\/\/api.w.org\/{rel}","templated":true}]}}