{"id":7130,"date":"2025-05-08T16:47:35","date_gmt":"2025-05-08T14:47:35","guid":{"rendered":"https:\/\/royal-meuble.fr\/?post_type=product&#038;p=7130"},"modified":"2025-05-08T16:50:25","modified_gmt":"2025-05-08T14:50:25","slug":"table-a-manger-calypso-travertin-ceramique-180","status":"publish","type":"product","link":"https:\/\/royal-meuble.fr\/index.php\/product\/table-a-manger-calypso-travertin-ceramique-180\/","title":{"rendered":"TABLE A MANGER CALYPSO TRAVERTIN CERAMIQUE 180"},"content":{"rendered":"<p>Plateau en c\u00e9ramique:<br \/>\n&#8211; Anti-rayure<br \/>\n&#8211; Forte r\u00e9sistance \u00e0 la chaleur<br \/>\n&#8211; Renforcement bois sous le plateau<\/p>\n","protected":false},"excerpt":{"rendered":"<p>Plateau en c\u00e9ramique: &#8211; Anti-rayure &#8211; Forte r\u00e9sistance \u00e0 la chaleur &#8211; Renforcement bois sous le plateau<\/p>\n","protected":false},"featured_media":7131,"comment_status":"open","ping_status":"closed","template":"","meta":{"om_disable_all_campaigns":false,"_monsterinsights_skip_tracking":false,"_monsterinsights_sitenote_active":false,"_monsterinsights_sitenote_note":"","_monsterinsights_sitenote_category":0},"product_brand":[],"product_cat":[182],"product_tag":[],"class_list":{"0":"post-7130","1":"product","2":"type-product","3":"status-publish","4":"has-post-thumbnail","6":"product_cat-table-repas","8":"first","9":"instock","10":"shipping-taxable","11":"purchasable","12":"product-type-simple","13":"berocket_lgv_grid","14":"berocket_lgv_list_grid"},"aioseo_notices":[],"_links":{"self":[{"href":"https:\/\/royal-meuble.fr\/index.php\/wp-json\/wp\/v2\/product\/7130","targetHints":{"allow":["GET"]}}],"collection":[{"href":"https:\/\/royal-meuble.fr\/index.php\/wp-json\/wp\/v2\/product"}],"about":[{"href":"https:\/\/royal-meuble.fr\/index.php\/wp-json\/wp\/v2\/types\/product"}],"replies":[{"embeddable":true,"href":"https:\/\/royal-meuble.fr\/index.php\/wp-json\/wp\/v2\/comments?post=7130"}],"wp:featuredmedia":[{"embeddable":true,"href":"https:\/\/royal-meuble.fr\/index.php\/wp-json\/wp\/v2\/media\/7131"}],"wp:attachment":[{"href":"https:\/\/royal-meuble.fr\/index.php\/wp-json\/wp\/v2\/media?parent=7130"}],"wp:term":[{"taxonomy":"product_brand","embeddable":true,"href":"https:\/\/royal-meuble.fr\/index.php\/wp-json\/wp\/v2\/product_brand?post=7130"},{"taxonomy":"product_cat","embeddable":true,"href":"https:\/\/royal-meuble.fr\/index.php\/wp-json\/wp\/v2\/product_cat?post=7130"},{"taxonomy":"product_tag","embeddable":true,"href":"https:\/\/royal-meuble.fr\/index.php\/wp-json\/wp\/v2\/product_tag?post=7130"}],"curies":[{"name":"wp","href":"https:\/\/api.w.org\/{rel}","templated":true}]}}