{"id":6251,"date":"2024-03-21T17:35:38","date_gmt":"2024-03-21T16:35:38","guid":{"rendered":"https:\/\/royal-meuble.fr\/?post_type=product&#038;p=6251"},"modified":"2024-03-25T06:21:58","modified_gmt":"2024-03-25T05:21:58","slug":"table-a-manger-ceramique-ophelia","status":"publish","type":"product","link":"https:\/\/royal-meuble.fr\/index.php\/product\/table-a-manger-ceramique-ophelia\/","title":{"rendered":"TABLE A MANGER CERAMIQUE OPHELIA"},"content":{"rendered":"<p>Donnez du cachet \u00e0 votre salle \u00e0 manger en introduisant la table \u00e0 manger Ophelia. Cette table se distingue non seulement par ses pieds crois\u00e9s , mais aussi par son plateau . Combinez-la avec des chaises luxueuses et vous obtenez le cadre parfait pour que tous vos d\u00eeners se passent avec style.<\/p>\n<p>Cette Table est disponible en diff\u00e9rentes couleurs et taille.<\/p>\n","protected":false},"excerpt":{"rendered":"<div id=\"description\" class=\"description\" data-v-ef4e1400=\"\">\n<div data-v-ef4e1400=\"\"><\/div>\n<div data-v-ef4e1400=\"\">Anti-rayure &#8211; Forte r\u00e9sistance \u00e0 la chaleur<\/div>\n<\/div>\n<div class=\"btns flex-row\" data-v-ef4e1400=\"\"><\/div>\n","protected":false},"featured_media":6252,"comment_status":"open","ping_status":"closed","template":"","meta":{"om_disable_all_campaigns":false,"_monsterinsights_skip_tracking":false,"_monsterinsights_sitenote_active":false,"_monsterinsights_sitenote_note":"","_monsterinsights_sitenote_category":0},"product_brand":[],"product_cat":[182],"product_tag":[],"class_list":{"0":"post-6251","1":"product","2":"type-product","3":"status-publish","4":"has-post-thumbnail","6":"product_cat-table-repas","8":"first","9":"instock","10":"shipping-taxable","11":"purchasable","12":"product-type-variable","13":"berocket_lgv_grid","14":"berocket_lgv_list_grid"},"aioseo_notices":[],"_links":{"self":[{"href":"https:\/\/royal-meuble.fr\/index.php\/wp-json\/wp\/v2\/product\/6251","targetHints":{"allow":["GET"]}}],"collection":[{"href":"https:\/\/royal-meuble.fr\/index.php\/wp-json\/wp\/v2\/product"}],"about":[{"href":"https:\/\/royal-meuble.fr\/index.php\/wp-json\/wp\/v2\/types\/product"}],"replies":[{"embeddable":true,"href":"https:\/\/royal-meuble.fr\/index.php\/wp-json\/wp\/v2\/comments?post=6251"}],"wp:featuredmedia":[{"embeddable":true,"href":"https:\/\/royal-meuble.fr\/index.php\/wp-json\/wp\/v2\/media\/6252"}],"wp:attachment":[{"href":"https:\/\/royal-meuble.fr\/index.php\/wp-json\/wp\/v2\/media?parent=6251"}],"wp:term":[{"taxonomy":"product_brand","embeddable":true,"href":"https:\/\/royal-meuble.fr\/index.php\/wp-json\/wp\/v2\/product_brand?post=6251"},{"taxonomy":"product_cat","embeddable":true,"href":"https:\/\/royal-meuble.fr\/index.php\/wp-json\/wp\/v2\/product_cat?post=6251"},{"taxonomy":"product_tag","embeddable":true,"href":"https:\/\/royal-meuble.fr\/index.php\/wp-json\/wp\/v2\/product_tag?post=6251"}],"curies":[{"name":"wp","href":"https:\/\/api.w.org\/{rel}","templated":true}]}}