{"id":6220,"date":"2024-03-21T08:44:55","date_gmt":"2024-03-21T07:44:55","guid":{"rendered":"https:\/\/royal-meuble.fr\/?post_type=product&#038;p=6220"},"modified":"2024-04-02T11:33:42","modified_gmt":"2024-04-02T09:33:42","slug":"table-a-manger-versus-dore","status":"publish","type":"product","link":"https:\/\/royal-meuble.fr\/index.php\/product\/table-a-manger-versus-dore\/","title":{"rendered":"TABLE A MANGER VERSUS DORE"},"content":{"rendered":"<p>Id\u00e9al pour les d\u00eeners haut de gamme et les repas d\u00e9contract\u00e9s du matin.\u00a0 cette table \u00e0 manger apporte la fra\u00eecheur nette d&#8217;une galerie moderne.<\/p>\n<p>Dot\u00e9 d&#8217;une silhouette rectangulaire, la table offre un espace suffisant pour divertir vos amis et vos proches. De plus, cette table \u00e0 manger pr\u00e9sente des coins \u00e9l\u00e9gants et incurv\u00e9s pour \u00e9viter tout danger et une surface lisse \u00e0 nettoyer facilement.<\/p>\n<p>Disponible avec un plateau blanc ou noir<\/p>\n","protected":false},"excerpt":{"rendered":"<p>Id\u00e9al pour les d\u00eeners haut de gamme et les repas d\u00e9contract\u00e9s du matin.\u00a0 cette table \u00e0 manger apporte la fra\u00eecheur nette d&#8217;une galerie moderne. Dot\u00e9 d&#8217;une silhouette rectangulaire, la table offre un espace suffisant pour divertir vos amis et vos proches. De plus, cette table \u00e0 manger pr\u00e9sente des coins \u00e9l\u00e9gants et incurv\u00e9s pour \u00e9viter<\/p>\n<div class=\"klb-readmore entry-button\"><a class=\"btn link\" href=\"https:\/\/royal-meuble.fr\/index.php\/product\/table-a-manger-versus-dore\/\">Lire la suite <i class=\"klbth-icon-right-arrow\"><\/i><\/a><\/div>\n","protected":false},"featured_media":6223,"comment_status":"open","ping_status":"closed","template":"","meta":{"om_disable_all_campaigns":false,"_monsterinsights_skip_tracking":false,"_monsterinsights_sitenote_active":false,"_monsterinsights_sitenote_note":"","_monsterinsights_sitenote_category":0},"product_brand":[],"product_cat":[182],"product_tag":[],"class_list":{"0":"post-6220","1":"product","2":"type-product","3":"status-publish","4":"has-post-thumbnail","6":"product_cat-table-repas","8":"first","9":"instock","10":"shipping-taxable","11":"purchasable","12":"product-type-variable","13":"berocket_lgv_grid","14":"berocket_lgv_list_grid"},"aioseo_notices":[],"_links":{"self":[{"href":"https:\/\/royal-meuble.fr\/index.php\/wp-json\/wp\/v2\/product\/6220","targetHints":{"allow":["GET"]}}],"collection":[{"href":"https:\/\/royal-meuble.fr\/index.php\/wp-json\/wp\/v2\/product"}],"about":[{"href":"https:\/\/royal-meuble.fr\/index.php\/wp-json\/wp\/v2\/types\/product"}],"replies":[{"embeddable":true,"href":"https:\/\/royal-meuble.fr\/index.php\/wp-json\/wp\/v2\/comments?post=6220"}],"wp:featuredmedia":[{"embeddable":true,"href":"https:\/\/royal-meuble.fr\/index.php\/wp-json\/wp\/v2\/media\/6223"}],"wp:attachment":[{"href":"https:\/\/royal-meuble.fr\/index.php\/wp-json\/wp\/v2\/media?parent=6220"}],"wp:term":[{"taxonomy":"product_brand","embeddable":true,"href":"https:\/\/royal-meuble.fr\/index.php\/wp-json\/wp\/v2\/product_brand?post=6220"},{"taxonomy":"product_cat","embeddable":true,"href":"https:\/\/royal-meuble.fr\/index.php\/wp-json\/wp\/v2\/product_cat?post=6220"},{"taxonomy":"product_tag","embeddable":true,"href":"https:\/\/royal-meuble.fr\/index.php\/wp-json\/wp\/v2\/product_tag?post=6220"}],"curies":[{"name":"wp","href":"https:\/\/api.w.org\/{rel}","templated":true}]}}