{"id":6207,"date":"2024-03-21T08:29:35","date_gmt":"2024-03-21T07:29:35","guid":{"rendered":"https:\/\/royal-meuble.fr\/?post_type=product&#038;p=6207"},"modified":"2024-03-25T06:28:16","modified_gmt":"2024-03-25T05:28:16","slug":"table-olivia-rond","status":"publish","type":"product","link":"https:\/\/royal-meuble.fr\/index.php\/product\/table-olivia-rond\/","title":{"rendered":"TABLE OLIVIA ROND"},"content":{"rendered":"<p>La table olivia est une table de salle \u00e0 manger ronde avec plateau en verre ou effet marbre et pieds design coloris or ,argent, ou noir. Son format rond s&#8217;adapte \u00e0 tous les espaces et ses quatre pieds arqu\u00e9s et crois\u00e9s lui conf\u00e8rent une bonne stabilit\u00e9 tout en accentuant son c\u00f4t\u00e9 moderne et \u00e9l\u00e9gamment structur\u00e9.Une superbe table ronde pour un effet &#8216;waouh&#8217; dans votre salle \u00e0 manger ! N&#8217;h\u00e9sitez plus et offrez-vous du design \u00e0 prix mini avec cette table r\u00e9solument contemporaine qui apportera \u00e9norm\u00e9ment de cachet \u00e0 votre int\u00e9rieur.<\/p>\n","protected":false},"excerpt":{"rendered":"<p>La table olivia est une table de salle \u00e0 manger ronde avec plateau en verre ou effet marbre et pieds design coloris or ,argent, ou noir. Son format rond s&#8217;adapte \u00e0 tous les espaces et ses quatre pieds arqu\u00e9s et crois\u00e9s lui conf\u00e8rent une bonne stabilit\u00e9 tout en accentuant son c\u00f4t\u00e9 moderne et \u00e9l\u00e9gamment structur\u00e9.Une<\/p>\n<div class=\"klb-readmore entry-button\"><a class=\"btn link\" href=\"https:\/\/royal-meuble.fr\/index.php\/product\/table-olivia-rond\/\">Lire la suite <i class=\"klbth-icon-right-arrow\"><\/i><\/a><\/div>\n","protected":false},"featured_media":6219,"comment_status":"open","ping_status":"closed","template":"","meta":{"om_disable_all_campaigns":false,"_monsterinsights_skip_tracking":false,"_monsterinsights_sitenote_active":false,"_monsterinsights_sitenote_note":"","_monsterinsights_sitenote_category":0},"product_brand":[],"product_cat":[182],"product_tag":[],"class_list":{"0":"post-6207","1":"product","2":"type-product","3":"status-publish","4":"has-post-thumbnail","6":"product_cat-table-repas","8":"first","9":"instock","10":"shipping-taxable","11":"purchasable","12":"product-type-variable","13":"berocket_lgv_grid","14":"berocket_lgv_list_grid"},"aioseo_notices":[],"_links":{"self":[{"href":"https:\/\/royal-meuble.fr\/index.php\/wp-json\/wp\/v2\/product\/6207","targetHints":{"allow":["GET"]}}],"collection":[{"href":"https:\/\/royal-meuble.fr\/index.php\/wp-json\/wp\/v2\/product"}],"about":[{"href":"https:\/\/royal-meuble.fr\/index.php\/wp-json\/wp\/v2\/types\/product"}],"replies":[{"embeddable":true,"href":"https:\/\/royal-meuble.fr\/index.php\/wp-json\/wp\/v2\/comments?post=6207"}],"wp:featuredmedia":[{"embeddable":true,"href":"https:\/\/royal-meuble.fr\/index.php\/wp-json\/wp\/v2\/media\/6219"}],"wp:attachment":[{"href":"https:\/\/royal-meuble.fr\/index.php\/wp-json\/wp\/v2\/media?parent=6207"}],"wp:term":[{"taxonomy":"product_brand","embeddable":true,"href":"https:\/\/royal-meuble.fr\/index.php\/wp-json\/wp\/v2\/product_brand?post=6207"},{"taxonomy":"product_cat","embeddable":true,"href":"https:\/\/royal-meuble.fr\/index.php\/wp-json\/wp\/v2\/product_cat?post=6207"},{"taxonomy":"product_tag","embeddable":true,"href":"https:\/\/royal-meuble.fr\/index.php\/wp-json\/wp\/v2\/product_tag?post=6207"}],"curies":[{"name":"wp","href":"https:\/\/api.w.org\/{rel}","templated":true}]}}