{"id":6166,"date":"2024-03-21T01:17:41","date_gmt":"2024-03-21T00:17:41","guid":{"rendered":"https:\/\/royal-meuble.fr\/?post_type=product&#038;p=6166"},"modified":"2025-05-17T10:49:45","modified_gmt":"2025-05-17T08:49:45","slug":"chaise-nino-velours-taupe-dore","status":"publish","type":"product","link":"https:\/\/royal-meuble.fr\/index.php\/product\/chaise-nino-velours-taupe-dore\/","title":{"rendered":"CHAISE NINO LOUIS VELOURS"},"content":{"rendered":"<p>&nbsp;<\/p>\n<section id=\"shopify-section-template--16125766271230__main\" class=\"shopify-section section\">\n<section id=\"MainProduct-template--16125766271230__main\" class=\"page-width section-template--16125766271230__main-padding\" data-section=\"template--16125766271230__main\">\n<div class=\"product product--large product--stacked grid grid--1-col grid--2-col-tablet\">\n<div class=\"product__info-wrapper grid__item\">\n<div id=\"ProductInfo-template--16125766271230__main\" class=\"product__info-container product__info-container--sticky\">\n<div class=\"product__description rte quick-add-hidden\">\n<p>D\u00e9couvrez les chaises\u00a0<strong>Louis<\/strong>\u00a0en velours pour un style classique et raffin\u00e9 dans votre int\u00e9rieur.<\/p>\n<p>Leur rev\u00eatement en velours offre une sensation luxueuse au toucher. Avec leur design intemporel inspir\u00e9 du style Louis XVI, ces chaises apportent une \u00e9l\u00e9gance unique \u00e0 votre espace.<\/p>\n<p>Disponibles dans une gamme de couleurs \u00e9l\u00e9gantes, les chaises Louis ajoutent une touche de sophistication \u00e0 votre d\u00e9coration.<\/p>\n<p>Commandez d\u00e8s maintenant pour cr\u00e9er une ambiance \u00e9l\u00e9gante avec les chaises Louis en velours.<\/p>\n<\/div>\n<\/div>\n<\/div>\n<\/div>\n<\/section>\n<\/section>\n<p>&nbsp;<\/p>\n","protected":false},"excerpt":{"rendered":"<p>&nbsp; D\u00e9couvrez les chaises\u00a0Louis\u00a0en velours pour un style classique et raffin\u00e9 dans votre int\u00e9rieur. Leur rev\u00eatement en velours offre une sensation luxueuse au toucher. Avec leur design intemporel inspir\u00e9 du style Louis XVI, ces chaises apportent une \u00e9l\u00e9gance unique \u00e0 votre espace. Disponibles dans une gamme de couleurs \u00e9l\u00e9gantes, les chaises Louis ajoutent une touche<\/p>\n<div class=\"klb-readmore entry-button\"><a class=\"btn link\" href=\"https:\/\/royal-meuble.fr\/index.php\/product\/chaise-nino-velours-taupe-dore\/\">Lire la suite <i class=\"klbth-icon-right-arrow\"><\/i><\/a><\/div>\n","protected":false},"featured_media":6176,"comment_status":"open","ping_status":"closed","template":"","meta":{"om_disable_all_campaigns":false,"_monsterinsights_skip_tracking":false,"_monsterinsights_sitenote_active":false,"_monsterinsights_sitenote_note":"","_monsterinsights_sitenote_category":0},"product_brand":[],"product_cat":[195],"product_tag":[],"class_list":{"0":"post-6166","1":"product","2":"type-product","3":"status-publish","4":"has-post-thumbnail","6":"product_cat-chaise","8":"first","9":"instock","10":"sale","11":"shipping-taxable","12":"purchasable","13":"product-type-variable","14":"berocket_lgv_grid","15":"berocket_lgv_list_grid"},"aioseo_notices":[],"_links":{"self":[{"href":"https:\/\/royal-meuble.fr\/index.php\/wp-json\/wp\/v2\/product\/6166","targetHints":{"allow":["GET"]}}],"collection":[{"href":"https:\/\/royal-meuble.fr\/index.php\/wp-json\/wp\/v2\/product"}],"about":[{"href":"https:\/\/royal-meuble.fr\/index.php\/wp-json\/wp\/v2\/types\/product"}],"replies":[{"embeddable":true,"href":"https:\/\/royal-meuble.fr\/index.php\/wp-json\/wp\/v2\/comments?post=6166"}],"wp:featuredmedia":[{"embeddable":true,"href":"https:\/\/royal-meuble.fr\/index.php\/wp-json\/wp\/v2\/media\/6176"}],"wp:attachment":[{"href":"https:\/\/royal-meuble.fr\/index.php\/wp-json\/wp\/v2\/media?parent=6166"}],"wp:term":[{"taxonomy":"product_brand","embeddable":true,"href":"https:\/\/royal-meuble.fr\/index.php\/wp-json\/wp\/v2\/product_brand?post=6166"},{"taxonomy":"product_cat","embeddable":true,"href":"https:\/\/royal-meuble.fr\/index.php\/wp-json\/wp\/v2\/product_cat?post=6166"},{"taxonomy":"product_tag","embeddable":true,"href":"https:\/\/royal-meuble.fr\/index.php\/wp-json\/wp\/v2\/product_tag?post=6166"}],"curies":[{"name":"wp","href":"https:\/\/api.w.org\/{rel}","templated":true}]}}