{"id":5954,"date":"2024-03-17T18:14:52","date_gmt":"2024-03-17T17:14:52","guid":{"rendered":"https:\/\/royal-meuble.fr\/?post_type=product&#038;p=5954"},"modified":"2024-03-25T06:43:41","modified_gmt":"2024-03-25T05:43:41","slug":"table-basse-pylone","status":"publish","type":"product","link":"https:\/\/royal-meuble.fr\/index.php\/product\/table-basse-pylone\/","title":{"rendered":"TABLE BASSE PYLONE"},"content":{"rendered":"<p>La table basse PYLONE : alliance parfaite de design et de confort pour votre salon ou espace de d\u00e9tente. Incarnant l\u2019\u00e9l\u00e9gance, la qualit\u00e9 et le style, elle transforme votre espace en un lieu o\u00f9 vous appr\u00e9cierez pleinement votre temps. D\u00e9couvrez le summum de l\u2019harmonie avec la table basse PYLONE.<\/p>\n","protected":false},"excerpt":{"rendered":"<p>La table basse PYLONE : alliance parfaite de design et de confort pour votre salon ou espace de d\u00e9tente. Incarnant l\u2019\u00e9l\u00e9gance, la qualit\u00e9 et le style, elle transforme votre espace en un lieu o\u00f9 vous appr\u00e9cierez pleinement votre temps. D\u00e9couvrez le summum de l\u2019harmonie avec la table basse PYLONE.<\/p>\n","protected":false},"featured_media":5955,"comment_status":"open","ping_status":"closed","template":"","meta":{"om_disable_all_campaigns":false,"_monsterinsights_skip_tracking":false,"_monsterinsights_sitenote_active":false,"_monsterinsights_sitenote_note":"","_monsterinsights_sitenote_category":0},"product_brand":[],"product_cat":[139],"product_tag":[],"class_list":{"0":"post-5954","1":"product","2":"type-product","3":"status-publish","4":"has-post-thumbnail","6":"product_cat-table-basse","8":"first","9":"instock","10":"shipping-taxable","11":"purchasable","12":"product-type-simple","13":"berocket_lgv_grid","14":"berocket_lgv_list_grid"},"aioseo_notices":[],"_links":{"self":[{"href":"https:\/\/royal-meuble.fr\/index.php\/wp-json\/wp\/v2\/product\/5954","targetHints":{"allow":["GET"]}}],"collection":[{"href":"https:\/\/royal-meuble.fr\/index.php\/wp-json\/wp\/v2\/product"}],"about":[{"href":"https:\/\/royal-meuble.fr\/index.php\/wp-json\/wp\/v2\/types\/product"}],"replies":[{"embeddable":true,"href":"https:\/\/royal-meuble.fr\/index.php\/wp-json\/wp\/v2\/comments?post=5954"}],"wp:featuredmedia":[{"embeddable":true,"href":"https:\/\/royal-meuble.fr\/index.php\/wp-json\/wp\/v2\/media\/5955"}],"wp:attachment":[{"href":"https:\/\/royal-meuble.fr\/index.php\/wp-json\/wp\/v2\/media?parent=5954"}],"wp:term":[{"taxonomy":"product_brand","embeddable":true,"href":"https:\/\/royal-meuble.fr\/index.php\/wp-json\/wp\/v2\/product_brand?post=5954"},{"taxonomy":"product_cat","embeddable":true,"href":"https:\/\/royal-meuble.fr\/index.php\/wp-json\/wp\/v2\/product_cat?post=5954"},{"taxonomy":"product_tag","embeddable":true,"href":"https:\/\/royal-meuble.fr\/index.php\/wp-json\/wp\/v2\/product_tag?post=5954"}],"curies":[{"name":"wp","href":"https:\/\/api.w.org\/{rel}","templated":true}]}}