{"id":5929,"date":"2024-03-17T08:30:10","date_gmt":"2024-03-17T07:30:10","guid":{"rendered":"https:\/\/royal-meuble.fr\/?post_type=product&#038;p=5929"},"modified":"2024-03-25T06:46:25","modified_gmt":"2024-03-25T05:46:25","slug":"table-basse-rosa","status":"publish","type":"product","link":"https:\/\/royal-meuble.fr\/index.php\/product\/table-basse-rosa\/","title":{"rendered":"TABLE BASSE ROSA"},"content":{"rendered":"<p>Une pinc\u00e9e de chic, un concentr\u00e9 d&#8217;\u00e9l\u00e9gance pour cette tables basses\u00a0 effet marbre blanc et ses diff\u00e9rents pieds.<\/p>\n<p>Cette table basse apportera une touche de modernit\u00e9 et d&#8217;originalit\u00e9 \u00e0 votre salon contemporain.<\/p>\n","protected":false},"excerpt":{"rendered":"<p>Une pinc\u00e9e de chic, un concentr\u00e9 d&#8217;\u00e9l\u00e9gance pour cette tables basses\u00a0 effet marbre blanc et ses diff\u00e9rents pieds. Cette table basse apportera une touche de modernit\u00e9 et d&#8217;originalit\u00e9 \u00e0 votre salon contemporain.<\/p>\n","protected":false},"featured_media":5933,"comment_status":"open","ping_status":"closed","template":"","meta":{"om_disable_all_campaigns":false,"_monsterinsights_skip_tracking":false,"_monsterinsights_sitenote_active":false,"_monsterinsights_sitenote_note":"","_monsterinsights_sitenote_category":0},"product_brand":[],"product_cat":[139],"product_tag":[],"class_list":{"0":"post-5929","1":"product","2":"type-product","3":"status-publish","4":"has-post-thumbnail","6":"product_cat-table-basse","8":"first","9":"instock","10":"shipping-taxable","11":"purchasable","12":"product-type-variable","13":"berocket_lgv_grid","14":"berocket_lgv_list_grid"},"aioseo_notices":[],"_links":{"self":[{"href":"https:\/\/royal-meuble.fr\/index.php\/wp-json\/wp\/v2\/product\/5929","targetHints":{"allow":["GET"]}}],"collection":[{"href":"https:\/\/royal-meuble.fr\/index.php\/wp-json\/wp\/v2\/product"}],"about":[{"href":"https:\/\/royal-meuble.fr\/index.php\/wp-json\/wp\/v2\/types\/product"}],"replies":[{"embeddable":true,"href":"https:\/\/royal-meuble.fr\/index.php\/wp-json\/wp\/v2\/comments?post=5929"}],"wp:featuredmedia":[{"embeddable":true,"href":"https:\/\/royal-meuble.fr\/index.php\/wp-json\/wp\/v2\/media\/5933"}],"wp:attachment":[{"href":"https:\/\/royal-meuble.fr\/index.php\/wp-json\/wp\/v2\/media?parent=5929"}],"wp:term":[{"taxonomy":"product_brand","embeddable":true,"href":"https:\/\/royal-meuble.fr\/index.php\/wp-json\/wp\/v2\/product_brand?post=5929"},{"taxonomy":"product_cat","embeddable":true,"href":"https:\/\/royal-meuble.fr\/index.php\/wp-json\/wp\/v2\/product_cat?post=5929"},{"taxonomy":"product_tag","embeddable":true,"href":"https:\/\/royal-meuble.fr\/index.php\/wp-json\/wp\/v2\/product_tag?post=5929"}],"curies":[{"name":"wp","href":"https:\/\/api.w.org\/{rel}","templated":true}]}}