{"id":5912,"date":"2024-03-17T07:34:12","date_gmt":"2024-03-17T06:34:12","guid":{"rendered":"https:\/\/royal-meuble.fr\/?post_type=product&#038;p=5912"},"modified":"2024-03-25T06:50:44","modified_gmt":"2024-03-25T05:50:44","slug":"table-basse-lila","status":"publish","type":"product","link":"https:\/\/royal-meuble.fr\/index.php\/product\/table-basse-lila\/","title":{"rendered":"TABLE BASSE LILA"},"content":{"rendered":"<p>La TABLE BASSE LILA est l&#8217;alliance parfaite de l&#8217;\u00e9l\u00e9gance et de la praticit\u00e9. Avec ses dimensions g\u00e9n\u00e9reuses (L:120cm P:70cm H:45cm), elle offre un espace de rangement optimal gr\u00e2ce \u00e0 ses tiroirs d\u00e9j\u00e0 mont\u00e9s. Les pieds dor\u00e9s ajoutent une touche de sophistication \u00e0 tout int\u00e9rieur.<\/p>\n","protected":false},"excerpt":{"rendered":"<p>La TABLE BASSE LILA est l&#8217;alliance parfaite de l&#8217;\u00e9l\u00e9gance et de la praticit\u00e9. Avec ses dimensions g\u00e9n\u00e9reuses (L:120cm P:70cm H:45cm), elle offre un espace de rangement optimal gr\u00e2ce \u00e0 ses tiroirs d\u00e9j\u00e0 mont\u00e9s. Les pieds dor\u00e9s ajoutent une touche de sophistication \u00e0 tout int\u00e9rieur.<\/p>\n","protected":false},"featured_media":5922,"comment_status":"open","ping_status":"closed","template":"","meta":{"om_disable_all_campaigns":false,"_monsterinsights_skip_tracking":false,"_monsterinsights_sitenote_active":false,"_monsterinsights_sitenote_note":"","_monsterinsights_sitenote_category":0},"product_brand":[],"product_cat":[139],"product_tag":[],"class_list":{"0":"post-5912","1":"product","2":"type-product","3":"status-publish","4":"has-post-thumbnail","6":"product_cat-table-basse","8":"first","9":"instock","10":"shipping-taxable","11":"purchasable","12":"product-type-variable","13":"berocket_lgv_grid","14":"berocket_lgv_list_grid"},"aioseo_notices":[],"_links":{"self":[{"href":"https:\/\/royal-meuble.fr\/index.php\/wp-json\/wp\/v2\/product\/5912","targetHints":{"allow":["GET"]}}],"collection":[{"href":"https:\/\/royal-meuble.fr\/index.php\/wp-json\/wp\/v2\/product"}],"about":[{"href":"https:\/\/royal-meuble.fr\/index.php\/wp-json\/wp\/v2\/types\/product"}],"replies":[{"embeddable":true,"href":"https:\/\/royal-meuble.fr\/index.php\/wp-json\/wp\/v2\/comments?post=5912"}],"wp:featuredmedia":[{"embeddable":true,"href":"https:\/\/royal-meuble.fr\/index.php\/wp-json\/wp\/v2\/media\/5922"}],"wp:attachment":[{"href":"https:\/\/royal-meuble.fr\/index.php\/wp-json\/wp\/v2\/media?parent=5912"}],"wp:term":[{"taxonomy":"product_brand","embeddable":true,"href":"https:\/\/royal-meuble.fr\/index.php\/wp-json\/wp\/v2\/product_brand?post=5912"},{"taxonomy":"product_cat","embeddable":true,"href":"https:\/\/royal-meuble.fr\/index.php\/wp-json\/wp\/v2\/product_cat?post=5912"},{"taxonomy":"product_tag","embeddable":true,"href":"https:\/\/royal-meuble.fr\/index.php\/wp-json\/wp\/v2\/product_tag?post=5912"}],"curies":[{"name":"wp","href":"https:\/\/api.w.org\/{rel}","templated":true}]}}