{"id":5903,"date":"2024-03-14T09:11:33","date_gmt":"2024-03-14T08:11:33","guid":{"rendered":"https:\/\/royal-meuble.fr\/?post_type=product&#038;p=5903"},"modified":"2024-03-25T06:54:37","modified_gmt":"2024-03-25T05:54:37","slug":"console-coiffeuse-lila","status":"publish","type":"product","link":"https:\/\/royal-meuble.fr\/index.php\/product\/console-coiffeuse-lila\/","title":{"rendered":"CONSOLE LILA"},"content":{"rendered":"<p>Bienvenue dans le monde du style et de la fonctionnalit\u00e9 avec notre console d&#8217;entr\u00e9e (pouvant \u00e9galement servir de coiffeuse), une pi\u00e8ce ma\u00eetresse qui ajoutera une touche d&#8217;\u00e9l\u00e9gance \u00e0 votre foyer.<\/p>\n","protected":false},"excerpt":{"rendered":"<p>Bienvenue dans le monde du style et de la fonctionnalit\u00e9 avec notre console d&#8217;entr\u00e9e (pouvant \u00e9galement servir de coiffeuse), une pi\u00e8ce ma\u00eetresse qui ajoutera une touche d&#8217;\u00e9l\u00e9gance \u00e0 votre foyer.<\/p>\n","protected":false},"featured_media":5906,"comment_status":"open","ping_status":"closed","template":"","meta":{"om_disable_all_campaigns":false,"_monsterinsights_skip_tracking":false,"_monsterinsights_sitenote_active":false,"_monsterinsights_sitenote_note":"","_monsterinsights_sitenote_category":0},"product_brand":[],"product_cat":[140],"product_tag":[],"class_list":{"0":"post-5903","1":"product","2":"type-product","3":"status-publish","4":"has-post-thumbnail","6":"product_cat-console","8":"first","9":"instock","10":"shipping-taxable","11":"purchasable","12":"product-type-variable","13":"berocket_lgv_grid","14":"berocket_lgv_list_grid"},"aioseo_notices":[],"_links":{"self":[{"href":"https:\/\/royal-meuble.fr\/index.php\/wp-json\/wp\/v2\/product\/5903","targetHints":{"allow":["GET"]}}],"collection":[{"href":"https:\/\/royal-meuble.fr\/index.php\/wp-json\/wp\/v2\/product"}],"about":[{"href":"https:\/\/royal-meuble.fr\/index.php\/wp-json\/wp\/v2\/types\/product"}],"replies":[{"embeddable":true,"href":"https:\/\/royal-meuble.fr\/index.php\/wp-json\/wp\/v2\/comments?post=5903"}],"wp:featuredmedia":[{"embeddable":true,"href":"https:\/\/royal-meuble.fr\/index.php\/wp-json\/wp\/v2\/media\/5906"}],"wp:attachment":[{"href":"https:\/\/royal-meuble.fr\/index.php\/wp-json\/wp\/v2\/media?parent=5903"}],"wp:term":[{"taxonomy":"product_brand","embeddable":true,"href":"https:\/\/royal-meuble.fr\/index.php\/wp-json\/wp\/v2\/product_brand?post=5903"},{"taxonomy":"product_cat","embeddable":true,"href":"https:\/\/royal-meuble.fr\/index.php\/wp-json\/wp\/v2\/product_cat?post=5903"},{"taxonomy":"product_tag","embeddable":true,"href":"https:\/\/royal-meuble.fr\/index.php\/wp-json\/wp\/v2\/product_tag?post=5903"}],"curies":[{"name":"wp","href":"https:\/\/api.w.org\/{rel}","templated":true}]}}