{"id":5892,"date":"2024-03-14T08:59:25","date_gmt":"2024-03-14T07:59:25","guid":{"rendered":"https:\/\/royal-meuble.fr\/?post_type=product&#038;p=5892"},"modified":"2024-03-25T06:55:57","modified_gmt":"2024-03-25T05:55:57","slug":"console-ceramique-ophelia","status":"publish","type":"product","link":"https:\/\/royal-meuble.fr\/index.php\/product\/console-ceramique-ophelia\/","title":{"rendered":"CONSOLE CERAMIQUE OPHELIA"},"content":{"rendered":"<p>Elegante console meuble design, structure en metal et plateau en ceramique<\/p>\n<p>La Console\u00a0 est un meuble design \u00e9l\u00e9gant qui ajoutera une touche de sophistication \u00e0 votre int\u00e9rieur. Avec son design soigneusement con\u00e7u, elle apporte une esth\u00e9tique moderne tout en \u00e9tant pratique pour organiser vos affaires<\/p>\n<p>Plusieurs options au choix<\/p>\n","protected":false},"excerpt":{"rendered":"<p>Elegante console meuble design, structure en metal et plateau en ceramique La Console\u00a0 est un meuble design \u00e9l\u00e9gant qui ajoutera une touche de sophistication \u00e0 votre int\u00e9rieur. Avec son design soigneusement con\u00e7u, elle apporte une esth\u00e9tique moderne tout en \u00e9tant pratique pour organiser vos affaires Plusieurs options au choix<\/p>\n","protected":false},"featured_media":5901,"comment_status":"open","ping_status":"closed","template":"","meta":{"om_disable_all_campaigns":false,"_monsterinsights_skip_tracking":false,"_monsterinsights_sitenote_active":false,"_monsterinsights_sitenote_note":"","_monsterinsights_sitenote_category":0},"product_brand":[],"product_cat":[140],"product_tag":[],"class_list":{"0":"post-5892","1":"product","2":"type-product","3":"status-publish","4":"has-post-thumbnail","6":"product_cat-console","8":"first","9":"instock","10":"shipping-taxable","11":"purchasable","12":"product-type-variable","13":"berocket_lgv_grid","14":"berocket_lgv_list_grid"},"aioseo_notices":[],"_links":{"self":[{"href":"https:\/\/royal-meuble.fr\/index.php\/wp-json\/wp\/v2\/product\/5892","targetHints":{"allow":["GET"]}}],"collection":[{"href":"https:\/\/royal-meuble.fr\/index.php\/wp-json\/wp\/v2\/product"}],"about":[{"href":"https:\/\/royal-meuble.fr\/index.php\/wp-json\/wp\/v2\/types\/product"}],"replies":[{"embeddable":true,"href":"https:\/\/royal-meuble.fr\/index.php\/wp-json\/wp\/v2\/comments?post=5892"}],"wp:featuredmedia":[{"embeddable":true,"href":"https:\/\/royal-meuble.fr\/index.php\/wp-json\/wp\/v2\/media\/5901"}],"wp:attachment":[{"href":"https:\/\/royal-meuble.fr\/index.php\/wp-json\/wp\/v2\/media?parent=5892"}],"wp:term":[{"taxonomy":"product_brand","embeddable":true,"href":"https:\/\/royal-meuble.fr\/index.php\/wp-json\/wp\/v2\/product_brand?post=5892"},{"taxonomy":"product_cat","embeddable":true,"href":"https:\/\/royal-meuble.fr\/index.php\/wp-json\/wp\/v2\/product_cat?post=5892"},{"taxonomy":"product_tag","embeddable":true,"href":"https:\/\/royal-meuble.fr\/index.php\/wp-json\/wp\/v2\/product_tag?post=5892"}],"curies":[{"name":"wp","href":"https:\/\/api.w.org\/{rel}","templated":true}]}}