{"id":2738,"date":"2024-02-07T16:08:06","date_gmt":"2024-02-07T15:08:06","guid":{"rendered":"https:\/\/royal-meuble.fr\/?post_type=product&#038;p=2738"},"modified":"2024-04-29T19:01:32","modified_gmt":"2024-04-29T17:01:32","slug":"cadre-de-lit-trend-velours-beige","status":"publish","type":"product","link":"https:\/\/royal-meuble.fr\/index.php\/product\/cadre-de-lit-trend-velours-beige\/","title":{"rendered":"CADRE DE LIT TREND"},"content":{"rendered":"<p>&nbsp;<\/p>\n<p>Cadre de lit deux places rev\u00eatu en velours avec bouton et t\u00eate de lit royal<\/p>\n<p>Offrez \u00e0 votre chambre \u00e0 coucher une allure gracieuse avec ce cadre de lit deux places capitonn\u00e9 en velours. Ce cadre de lit se compose d&#8217;une t\u00eate de lit rembourr\u00e9e, orn\u00e9e de boutons de style diamant pour un aspect \u00e9l\u00e9gant et luxueux. La construction en bois solide assure la r\u00e9silience et la stabilit\u00e9 de ce cadre de lit. Le rev\u00eatement en velours doux ajoute une touche de confort et de raffinement \u00e0 votre pi\u00e8ce principale.<\/p>\n<p><strong>Le cadre de lit TREND deux places standard en velours<\/strong> avec t\u00eate et pieds de lit rembourr\u00e9s, ajust\u00e9 par des boutons diamant\u00e9s. Ce mobilier est fabriqu\u00e9 avec des mat\u00e9riaux de haute qualit\u00e9 : velours, bois massif et accroche en m\u00e9tal.<\/p>\n<p>Ce cadre de lit TREND deux places matelass\u00e9 en velours avec bouton et t\u00eate de lit royal est le choix parfait pour apporter une touche de raffinement et d&#8217;\u00e9l\u00e9gance \u00e0 leur chambre \u00e0 coucher. Sa structure robuste en bois, son rev\u00eatement en velours doux et sa t\u00eate de lit orn\u00e9e de boutons de style diamant, ce lit assurera une ambiance chic \u00e0 chaleureuse \u00e0 tout style de d\u00e9cor.<\/p>\n<p><strong>Montage<\/strong> : montage facile avec les instructions et les outils inclus.<\/p>\n<p><strong>Couleurs disponibles<\/strong> : noir, gris et beige.<\/p>\n<p>&nbsp;<\/p>\n","protected":false},"excerpt":{"rendered":"<p>&nbsp; Cadre de lit deux places rev\u00eatu en velours avec bouton et t\u00eate de lit royal Offrez \u00e0 votre chambre \u00e0 coucher une allure gracieuse avec ce cadre de lit deux places capitonn\u00e9 en velours. Ce cadre de lit se compose d&#8217;une t\u00eate de lit rembourr\u00e9e, orn\u00e9e de boutons de style diamant pour un aspect<\/p>\n<div class=\"klb-readmore entry-button\"><a class=\"btn link\" href=\"https:\/\/royal-meuble.fr\/index.php\/product\/cadre-de-lit-trend-velours-beige\/\">Lire la suite <i class=\"klbth-icon-right-arrow\"><\/i><\/a><\/div>\n","protected":false},"featured_media":2739,"comment_status":"open","ping_status":"closed","template":"","meta":{"om_disable_all_campaigns":false,"_monsterinsights_skip_tracking":false,"_monsterinsights_sitenote_active":false,"_monsterinsights_sitenote_note":"","_monsterinsights_sitenote_category":0},"product_brand":[],"product_cat":[133],"product_tag":[],"class_list":{"0":"post-2738","1":"product","2":"type-product","3":"status-publish","4":"has-post-thumbnail","6":"product_cat-cadre-de-lit","8":"first","9":"instock","10":"shipping-taxable","11":"purchasable","12":"product-type-variable","13":"berocket_lgv_grid","14":"berocket_lgv_list_grid"},"aioseo_notices":[],"_links":{"self":[{"href":"https:\/\/royal-meuble.fr\/index.php\/wp-json\/wp\/v2\/product\/2738","targetHints":{"allow":["GET"]}}],"collection":[{"href":"https:\/\/royal-meuble.fr\/index.php\/wp-json\/wp\/v2\/product"}],"about":[{"href":"https:\/\/royal-meuble.fr\/index.php\/wp-json\/wp\/v2\/types\/product"}],"replies":[{"embeddable":true,"href":"https:\/\/royal-meuble.fr\/index.php\/wp-json\/wp\/v2\/comments?post=2738"}],"wp:featuredmedia":[{"embeddable":true,"href":"https:\/\/royal-meuble.fr\/index.php\/wp-json\/wp\/v2\/media\/2739"}],"wp:attachment":[{"href":"https:\/\/royal-meuble.fr\/index.php\/wp-json\/wp\/v2\/media?parent=2738"}],"wp:term":[{"taxonomy":"product_brand","embeddable":true,"href":"https:\/\/royal-meuble.fr\/index.php\/wp-json\/wp\/v2\/product_brand?post=2738"},{"taxonomy":"product_cat","embeddable":true,"href":"https:\/\/royal-meuble.fr\/index.php\/wp-json\/wp\/v2\/product_cat?post=2738"},{"taxonomy":"product_tag","embeddable":true,"href":"https:\/\/royal-meuble.fr\/index.php\/wp-json\/wp\/v2\/product_tag?post=2738"}],"curies":[{"name":"wp","href":"https:\/\/api.w.org\/{rel}","templated":true}]}}