{"id":2684,"date":"2024-02-07T11:01:27","date_gmt":"2024-02-07T10:01:27","guid":{"rendered":"https:\/\/royal-meuble.fr\/?post_type=product&#038;p=2684"},"modified":"2024-04-29T19:12:54","modified_gmt":"2024-04-29T17:12:54","slug":"cadre-de-lit-roma-160-x-200cm-velours-anthracite-vendu-sans-som","status":"publish","type":"product","link":"https:\/\/royal-meuble.fr\/index.php\/product\/cadre-de-lit-roma-160-x-200cm-velours-anthracite-vendu-sans-som\/","title":{"rendered":"CADRE DE LIT ROMA"},"content":{"rendered":"<p>Lit clout\u00e9 ROMA 160 x 200 cm offre un grand confort pour deux couchages, s&#8217;int\u00e8gre parfaitement \u00e0 tout style de d\u00e9coration. Une large t\u00eate de lit avec les pi\u00e8ces brillantes sur les deux c\u00f4t\u00e9s et habill\u00e9e par des boutons formant des sch\u00e9mas sym\u00e9triques apporte du cachet \u00e0 votre coin nuit.<\/p>\n<p>La couleur anthracite sublimera, apportera une touche d&#8217;\u00e9l\u00e9gance et plus de lumi\u00e8re dans votre chambre.<\/p>\n<p>La qualit\u00e9 du tissu prot\u00e9geant la mati\u00e8re de fabrication de ce lit, facile \u00e0 entretenir, garantit le raffinement.\u00a0 Son contact direct au sol assure le confort de vos nuits et la robustesse du produit.<\/p>\n<p>Le dessous de lit vous servira de coffre de rangement pour les draps ou les v\u00eatements hors saison.\u00a0 Il se trouve sous un sommier \u00e0 lattes en bois simple \u00e0 ouvrir.<\/p>\n<p>Dormez tranquille sur ce lit pour toute une vie.<\/p>\n<p>STRUCTURE EN BOIS, REVETEMENT EN VELOURS ANTHRACITE<\/p>\n<p>&nbsp;<\/p>\n","protected":false},"excerpt":{"rendered":"<p>Lit clout\u00e9 ROMA 160 x 200 cm offre un grand confort pour deux couchages, s&#8217;int\u00e8gre parfaitement \u00e0 tout style de d\u00e9coration. Une large t\u00eate de lit avec les pi\u00e8ces brillantes sur les deux c\u00f4t\u00e9s et habill\u00e9e par des boutons formant des sch\u00e9mas sym\u00e9triques apporte du cachet \u00e0 votre coin nuit. La couleur anthracite sublimera, apportera<\/p>\n<div class=\"klb-readmore entry-button\"><a class=\"btn link\" href=\"https:\/\/royal-meuble.fr\/index.php\/product\/cadre-de-lit-roma-160-x-200cm-velours-anthracite-vendu-sans-som\/\">Lire la suite <i class=\"klbth-icon-right-arrow\"><\/i><\/a><\/div>\n","protected":false},"featured_media":2685,"comment_status":"open","ping_status":"closed","template":"","meta":{"om_disable_all_campaigns":false,"_monsterinsights_skip_tracking":false,"_monsterinsights_sitenote_active":false,"_monsterinsights_sitenote_note":"","_monsterinsights_sitenote_category":0},"product_brand":[],"product_cat":[133],"product_tag":[],"class_list":{"0":"post-2684","1":"product","2":"type-product","3":"status-publish","4":"has-post-thumbnail","6":"product_cat-cadre-de-lit","8":"first","9":"instock","10":"shipping-taxable","11":"purchasable","12":"product-type-variable","13":"berocket_lgv_grid","14":"berocket_lgv_list_grid"},"aioseo_notices":[],"_links":{"self":[{"href":"https:\/\/royal-meuble.fr\/index.php\/wp-json\/wp\/v2\/product\/2684","targetHints":{"allow":["GET"]}}],"collection":[{"href":"https:\/\/royal-meuble.fr\/index.php\/wp-json\/wp\/v2\/product"}],"about":[{"href":"https:\/\/royal-meuble.fr\/index.php\/wp-json\/wp\/v2\/types\/product"}],"replies":[{"embeddable":true,"href":"https:\/\/royal-meuble.fr\/index.php\/wp-json\/wp\/v2\/comments?post=2684"}],"wp:featuredmedia":[{"embeddable":true,"href":"https:\/\/royal-meuble.fr\/index.php\/wp-json\/wp\/v2\/media\/2685"}],"wp:attachment":[{"href":"https:\/\/royal-meuble.fr\/index.php\/wp-json\/wp\/v2\/media?parent=2684"}],"wp:term":[{"taxonomy":"product_brand","embeddable":true,"href":"https:\/\/royal-meuble.fr\/index.php\/wp-json\/wp\/v2\/product_brand?post=2684"},{"taxonomy":"product_cat","embeddable":true,"href":"https:\/\/royal-meuble.fr\/index.php\/wp-json\/wp\/v2\/product_cat?post=2684"},{"taxonomy":"product_tag","embeddable":true,"href":"https:\/\/royal-meuble.fr\/index.php\/wp-json\/wp\/v2\/product_tag?post=2684"}],"curies":[{"name":"wp","href":"https:\/\/api.w.org\/{rel}","templated":true}]}}