{"id":2176,"date":"2022-01-19T08:39:27","date_gmt":"2022-01-19T08:39:27","guid":{"rendered":"https:\/\/klbtheme.com\/furnob\/?page_id=2176"},"modified":"2024-02-27T10:56:34","modified_gmt":"2024-02-27T09:56:34","slug":"conditions-generales-de-vente","status":"publish","type":"page","link":"https:\/\/royal-meuble.fr\/index.php\/conditions-generales-de-vente\/","title":{"rendered":"Conditions G\u00e9n\u00e9rales de Vente"},"content":{"rendered":"\t\t<div data-elementor-type=\"wp-page\" data-elementor-id=\"2176\" class=\"elementor elementor-2176\">\n\t\t\t\t<div class=\"elementor-element elementor-element-b58303f e-flex e-con-boxed e-con e-parent\" data-id=\"b58303f\" data-element_type=\"container\" data-e-type=\"container\">\n\t\t\t\t\t<div class=\"e-con-inner\">\n\t\t<div class=\"elementor-element elementor-element-e3d2124 e-con-full e-flex e-con e-child\" data-id=\"e3d2124\" data-element_type=\"container\" data-e-type=\"container\">\n\t\t\t\t<\/div>\n\t\t<div class=\"elementor-element elementor-element-955b458 e-con-full e-flex e-con e-child\" data-id=\"955b458\" data-element_type=\"container\" data-e-type=\"container\">\n\t\t\t\t<div class=\"elementor-element elementor-element-da55d21 elementor-widget elementor-widget-text-editor\" data-id=\"da55d21\" data-element_type=\"widget\" data-e-type=\"widget\" data-widget_type=\"text-editor.default\">\n\t\t\t\t<div class=\"elementor-widget-container\">\n\t\t\t\t\t\t\t\t\t<p style=\"text-align: center;\"><b>Conditions G\u00e9n\u00e9rales de Vente<\/b><\/p><p><span style=\"font-weight: 400;\">Derni\u00e8re mise \u00e0 jour : 24\/02\/2024<\/span><\/p><p><span style=\"font-weight: 400;\">Les pr\u00e9sentes Conditions G\u00e9n\u00e9rales de Vente (ci-apr\u00e8s &#8220;CGV&#8221;) r\u00e9gissent la vente des produits disponibles sur Royal-meuble.fr (le &#8220;Site&#8221;) par Daamar Destock (ci-apr\u00e8s &#8220;Nous&#8221;, &#8220;Notre&#8221;, &#8220;Nos&#8221;), ainsi que les droits et obligations des parties y aff\u00e9rentes.<\/span><\/p><p><b>Commandes et Paiement<\/b><\/p><ul><li style=\"font-weight: 400;\" aria-level=\"1\"><span style=\"font-weight: 400;\">Les commandes pass\u00e9es sur notre Site constituent une offre d&#8217;achat de votre part pour les produits que vous s\u00e9lectionnez conform\u00e9ment \u00e0 ces CGV.<\/span><\/li><li style=\"font-weight: 400;\" aria-level=\"1\"><span style=\"font-weight: 400;\">Les prix des produits sont indiqu\u00e9s sur le Site en euros, toutes taxes comprises. Les frais de livraison ne sont pas inclus et seront indiqu\u00e9s lors du processus de commande.<\/span><\/li><li style=\"font-weight: 400;\" aria-level=\"1\"><span style=\"font-weight: 400;\">Le paiement s&#8217;effectue \u00e0 la livraison. Nous acceptons les paiements en esp\u00e8ces ou par carte bancaire \u00e0 la livraison.<\/span><\/li><li style=\"font-weight: 400;\" aria-level=\"1\"><span style=\"font-weight: 400;\">Nous nous r\u00e9servons le droit de refuser ou d&#8217;annuler toute commande pour quelque raison que ce soit, y compris en cas de suspicion de fraude ou d&#8217;erreur dans les informations de prix ou de description des produits.<\/span><\/li><\/ul><p><b>Livraison<\/b><\/p><ul><li style=\"font-weight: 400;\" aria-level=\"1\"><span style=\"font-weight: 400;\">La livraison est disponible dans toute la France m\u00e9tropolitaine.<\/span><\/li><li style=\"font-weight: 400;\" aria-level=\"1\"><span style=\"font-weight: 400;\">Les frais de livraison seront calcul\u00e9s lors du processus de commande et d\u00e9pendront de la localisation de livraison ainsi que de la taille et du poids des produits command\u00e9s.<\/span><\/li><li style=\"font-weight: 400;\" aria-level=\"1\"><span style=\"font-weight: 400;\">Les d\u00e9lais de livraison peuvent varier en fonction de la disponibilit\u00e9 des produits et de la destination de livraison. Nous vous informerons des d\u00e9lais de livraison estim\u00e9s lors du processus de commande.<\/span><\/li><li style=\"font-weight: 400;\" aria-level=\"1\"><span style=\"font-weight: 400;\">Les conditions de livraison sp\u00e9cifiques, y compris les tarifs en magasin et autres conditions particuli\u00e8res, seront indiqu\u00e9es lors de la commande et peuvent varier en fonction des produits et de la localisation de livraison.<\/span><\/li><\/ul><p><b>Annulations et Retours<\/b><\/p><ul><li style=\"font-weight: 400;\" aria-level=\"1\"><span style=\"font-weight: 400;\">Vous avez le droit d&#8217;annuler votre commande avant la livraison. Veuillez nous contacter d\u00e8s que possible si vous souhaitez annuler votre commande.<\/span><\/li><li style=\"font-weight: 400;\" aria-level=\"1\"><span style=\"font-weight: 400;\">Les retours ou \u00e9changes de produits seront accept\u00e9s sous r\u00e9serve de certaines conditions. Veuillez consulter notre politique de retour pour plus d&#8217;informations.<\/span><\/li><\/ul><p><b>Garantie et Responsabilit\u00e9<\/b><\/p><ul><li style=\"font-weight: 400;\" aria-level=\"1\"><span style=\"font-weight: 400;\">Nos produits sont garantis contre les d\u00e9fauts de fabrication \u00e0 contr\u00f4ler \u00e0 r\u00e9ception avant le d\u00e9part du livreur.<\/span><\/li><li style=\"font-weight: 400;\" aria-level=\"1\"><span style=\"font-weight: 400;\">Notre responsabilit\u00e9 envers vous est limit\u00e9e au montant que vous avez pay\u00e9 pour les produits command\u00e9s.<\/span><\/li><\/ul><p><b>Droit Applicable et R\u00e8glement des Litiges<\/b><\/p><ul><li style=\"font-weight: 400;\" aria-level=\"1\"><span style=\"font-weight: 400;\">Les pr\u00e9sentes CGV sont r\u00e9gies par le droit fran\u00e7ais.<\/span><\/li><li style=\"font-weight: 400;\" aria-level=\"1\"><span style=\"font-weight: 400;\">En cas de litige d\u00e9coulant des pr\u00e9sentes CGV, les parties s&#8217;efforceront de r\u00e9soudre le litige \u00e0 l&#8217;amiable. \u00c0 d\u00e9faut d&#8217;accord amiable, le litige sera soumis aux tribunaux comp\u00e9tents conform\u00e9ment au droit fran\u00e7ais.<\/span><\/li><\/ul><p><b>Contactez-nous<\/b><\/p><p><span style=\"font-weight: 400;\">Si vous avez des questions ou des pr\u00e9occupations concernant nos CGV, n&#8217;h\u00e9sitez pas \u00e0 nous contacter au <\/span><span style=\"font-weight: 400;\">06 63 01 06 67<\/span><\/p><p><br \/><br \/><\/p>\t\t\t\t\t\t\t\t<\/div>\n\t\t\t\t<\/div>\n\t\t\t\t<\/div>\n\t\t<div class=\"elementor-element elementor-element-cfce357 e-con-full e-flex e-con e-child\" data-id=\"cfce357\" data-element_type=\"container\" data-e-type=\"container\">\n\t\t\t\t<\/div>\n\t\t\t\t\t<\/div>\n\t\t\t\t<\/div>\n\t\t\t\t<\/div>\n\t\t","protected":false},"excerpt":{"rendered":"<p>Conditions G\u00e9n\u00e9rales de Vente Derni\u00e8re mise \u00e0 jour : 24\/02\/2024 Les pr\u00e9sentes Conditions G\u00e9n\u00e9rales de Vente (ci-apr\u00e8s &#8220;CGV&#8221;) r\u00e9gissent la vente des produits disponibles sur Royal-meuble.fr (le &#8220;Site&#8221;) par Daamar Destock (ci-apr\u00e8s &#8220;Nous&#8221;, &#8220;Notre&#8221;, &#8220;Nos&#8221;), ainsi que les droits et obligations des parties y aff\u00e9rentes. Commandes et Paiement Les commandes pass\u00e9es sur notre Site constituent<\/p>\n<div class=\"klb-readmore entry-button\"><a class=\"btn link\" href=\"https:\/\/royal-meuble.fr\/index.php\/conditions-generales-de-vente\/\">Lire la suite <i class=\"klbth-icon-right-arrow\"><\/i><\/a><\/div>\n","protected":false},"author":1,"featured_media":0,"parent":0,"menu_order":0,"comment_status":"closed","ping_status":"closed","template":"","meta":{"om_disable_all_campaigns":false,"_monsterinsights_skip_tracking":false,"_monsterinsights_sitenote_active":false,"_monsterinsights_sitenote_note":"","_monsterinsights_sitenote_category":0,"footnotes":""},"class_list":["post-2176","page","type-page","status-publish","hentry"],"aioseo_notices":[],"_links":{"self":[{"href":"https:\/\/royal-meuble.fr\/index.php\/wp-json\/wp\/v2\/pages\/2176","targetHints":{"allow":["GET"]}}],"collection":[{"href":"https:\/\/royal-meuble.fr\/index.php\/wp-json\/wp\/v2\/pages"}],"about":[{"href":"https:\/\/royal-meuble.fr\/index.php\/wp-json\/wp\/v2\/types\/page"}],"author":[{"embeddable":true,"href":"https:\/\/royal-meuble.fr\/index.php\/wp-json\/wp\/v2\/users\/1"}],"replies":[{"embeddable":true,"href":"https:\/\/royal-meuble.fr\/index.php\/wp-json\/wp\/v2\/comments?post=2176"}],"version-history":[{"count":4,"href":"https:\/\/royal-meuble.fr\/index.php\/wp-json\/wp\/v2\/pages\/2176\/revisions"}],"predecessor-version":[{"id":5654,"href":"https:\/\/royal-meuble.fr\/index.php\/wp-json\/wp\/v2\/pages\/2176\/revisions\/5654"}],"wp:attachment":[{"href":"https:\/\/royal-meuble.fr\/index.php\/wp-json\/wp\/v2\/media?parent=2176"}],"curies":[{"name":"wp","href":"https:\/\/api.w.org\/{rel}","templated":true}]}}