{"id":1953,"date":"2022-01-18T11:52:58","date_gmt":"2022-01-18T10:52:58","guid":{"rendered":"https:\/\/klbtheme.com\/furnob\/?page_id=1953"},"modified":"2026-03-10T08:26:57","modified_gmt":"2026-03-10T07:26:57","slug":"qui-sommes-nous","status":"publish","type":"page","link":"https:\/\/royal-meuble.fr\/index.php\/qui-sommes-nous\/","title":{"rendered":"QUI SOMMES NOUS?"},"content":{"rendered":"\t\t<div data-elementor-type=\"wp-page\" data-elementor-id=\"1953\" class=\"elementor elementor-1953\">\n\t\t\t\t\t\t<section class=\"elementor-section elementor-top-section elementor-element elementor-element-7471ee8 elementor-section-full_width elementor-section-height-default elementor-section-height-default\" data-id=\"7471ee8\" data-element_type=\"section\" data-e-type=\"section\">\n\t\t\t\t\t\t<div class=\"elementor-container elementor-column-gap-no\">\n\t\t\t\t\t<div class=\"elementor-column elementor-col-100 elementor-top-column elementor-element elementor-element-3d979a4\" data-id=\"3d979a4\" data-element_type=\"column\" data-e-type=\"column\">\n\t\t\t<div class=\"elementor-widget-wrap elementor-element-populated\">\n\t\t\t\t\t\t<div class=\"elementor-element elementor-element-626c605 elementor-widget elementor-widget-furnob-page-banner\" data-id=\"626c605\" data-element_type=\"widget\" data-e-type=\"widget\" data-widget_type=\"furnob-page-banner.default\">\n\t\t\t\t<div class=\"elementor-widget-container\">\n\t\t\t\t\t<div class=\"page-header overlay\" style=\"background-image: url(https:\/\/royal-meuble.fr\/wp-content\/uploads\/2024\/02\/logo-royal-meuble-orange-1.png);\"><div class=\"container\"><h4 class=\"entry-subtitle\"> <\/h4><h1 class=\"entry-title\">Qui sommes-nous ?<\/h1><div class=\"entry-content\"><p><\/p><\/div><!-- entry-content --><\/div><!-- container --><\/div><!-- page-header -->\t\t\t\t<\/div>\n\t\t\t\t<\/div>\n\t\t\t\t\t<\/div>\n\t\t<\/div>\n\t\t\t\t\t<\/div>\n\t\t<\/section>\n\t\t\t\t<section class=\"elementor-section elementor-top-section elementor-element elementor-element-1e98d81 elementor-section-boxed elementor-section-height-default elementor-section-height-default\" data-id=\"1e98d81\" data-element_type=\"section\" data-e-type=\"section\">\n\t\t\t\t\t\t<div class=\"elementor-container elementor-column-gap-extended\">\n\t\t\t\t\t<div class=\"elementor-column elementor-col-100 elementor-top-column elementor-element elementor-element-2098ed7\" data-id=\"2098ed7\" data-element_type=\"column\" data-e-type=\"column\">\n\t\t\t<div class=\"elementor-widget-wrap elementor-element-populated\">\n\t\t\t\t\t\t<div class=\"elementor-element elementor-element-ba42a30 elementor-widget elementor-widget-text-editor\" data-id=\"ba42a30\" data-element_type=\"widget\" data-e-type=\"widget\" data-widget_type=\"text-editor.default\">\n\t\t\t\t<div class=\"elementor-widget-container\">\n\t\t\t\t\t\t\t\t\t<p>\u00a0<\/p><p><span style=\"font-weight: 400;\">Bienvenue chez Daamar Destock !<\/span><\/p><p>\u00a0<\/p><p><span style=\"font-weight: 400;\">Nous sommes une entreprise passionn\u00e9e par la cr\u00e9ation d&#8217;un espace de vie harmonieux et confortable pour nos clients. Chez Daamar Destock, nous croyons que le mobilier est bien plus que des pi\u00e8ces utilitaires dans une maison ; il refl\u00e8te le style, l&#8217;\u00e9l\u00e9gance et le mode de vie de ceux qui y habitent.<\/span><\/p><p><b>Notre Mission<\/b><\/p><p><span style=\"font-weight: 400;\">Notre mission est de fournir des meubles de qualit\u00e9 exceptionnelle qui r\u00e9pondent aux besoins et aux aspirations de nos clients. Nous nous engageons \u00e0 offrir un large \u00e9ventail de choix, allant des designs classiques intemporels aux styles contemporains innovants, pour cr\u00e9er des espaces de vie uniques et inspirants.<\/span><\/p><p><b>Notre Engagement envers la Qualit\u00e9<\/b><\/p><p><span style=\"font-weight: 400;\">Chez Daamar Destock, la qualit\u00e9 est au c\u0153ur de tout ce que nous faisons. Nous collaborons \u00e9troitement avec des artisans qualifi\u00e9s et des fournisseurs r\u00e9put\u00e9s pour s\u00e9lectionner les meilleurs mat\u00e9riaux et garantir des finitions impeccables sur chacun de nos produits. Nous sommes fiers de proposer des meubles durables et \u00e9l\u00e9gants qui r\u00e9sistent \u00e0 l&#8217;\u00e9preuve du temps.<\/span><\/p><p><b>Notre Approche Client<\/b><\/p><p><span style=\"font-weight: 400;\">La satisfaction de nos clients est notre priorit\u00e9 absolue. Nous nous effor\u00e7ons de fournir un service exceptionnel \u00e0 chaque \u00e9tape, de la s\u00e9lection des produits \u00e0 la livraison finale. Notre \u00e9quipe d\u00e9vou\u00e9e est l\u00e0 pour vous guider et vous conseiller dans le choix du mobilier parfait pour votre espace, en veillant \u00e0 ce que votre exp\u00e9rience d&#8217;achat soit agr\u00e9able et sans tracas.<\/span><\/p><p><b>Nous Contacter<\/b><\/p><p><span style=\"font-weight: 400;\">Nous sommes ravis de pouvoir vous accompagner dans la cr\u00e9ation de votre espace de vie id\u00e9al. N&#8217;h\u00e9sitez pas \u00e0 nous contacter si vous avez des questions, des commentaires ou des besoins sp\u00e9cifiques.\u00a0<\/span><\/p><p><span style=\"font-weight: 400;\">Notre \u00e9quipe est l\u00e0 pour vous aider !<\/span><\/p><p><span style=\"font-weight: 400;\">06 63 01 06 67<\/span><\/p><p><br \/><br \/><\/p>\t\t\t\t\t\t\t\t<\/div>\n\t\t\t\t<\/div>\n\t\t\t\t\t<\/div>\n\t\t<\/div>\n\t\t\t\t\t<\/div>\n\t\t<\/section>\n\t\t\t\t<\/div>\n\t\t","protected":false},"excerpt":{"rendered":"<p>Qui sommes-nous ? \u00a0 Bienvenue chez Daamar Destock ! \u00a0 Nous sommes une entreprise passionn\u00e9e par la cr\u00e9ation d&#8217;un espace de vie harmonieux et confortable pour nos clients. Chez Daamar Destock, nous croyons que le mobilier est bien plus que des pi\u00e8ces utilitaires dans une maison ; il refl\u00e8te le style, l&#8217;\u00e9l\u00e9gance et le mode<\/p>\n<div class=\"klb-readmore entry-button\"><a class=\"btn link\" href=\"https:\/\/royal-meuble.fr\/index.php\/qui-sommes-nous\/\">Lire la suite <i class=\"klbth-icon-right-arrow\"><\/i><\/a><\/div>\n","protected":false},"author":1,"featured_media":0,"parent":0,"menu_order":0,"comment_status":"closed","ping_status":"closed","template":"","meta":{"om_disable_all_campaigns":false,"_monsterinsights_skip_tracking":false,"_monsterinsights_sitenote_active":false,"_monsterinsights_sitenote_note":"","_monsterinsights_sitenote_category":0,"footnotes":""},"class_list":["post-1953","page","type-page","status-publish","hentry"],"aioseo_notices":[],"_links":{"self":[{"href":"https:\/\/royal-meuble.fr\/index.php\/wp-json\/wp\/v2\/pages\/1953","targetHints":{"allow":["GET"]}}],"collection":[{"href":"https:\/\/royal-meuble.fr\/index.php\/wp-json\/wp\/v2\/pages"}],"about":[{"href":"https:\/\/royal-meuble.fr\/index.php\/wp-json\/wp\/v2\/types\/page"}],"author":[{"embeddable":true,"href":"https:\/\/royal-meuble.fr\/index.php\/wp-json\/wp\/v2\/users\/1"}],"replies":[{"embeddable":true,"href":"https:\/\/royal-meuble.fr\/index.php\/wp-json\/wp\/v2\/comments?post=1953"}],"version-history":[{"count":15,"href":"https:\/\/royal-meuble.fr\/index.php\/wp-json\/wp\/v2\/pages\/1953\/revisions"}],"predecessor-version":[{"id":7802,"href":"https:\/\/royal-meuble.fr\/index.php\/wp-json\/wp\/v2\/pages\/1953\/revisions\/7802"}],"wp:attachment":[{"href":"https:\/\/royal-meuble.fr\/index.php\/wp-json\/wp\/v2\/media?parent=1953"}],"curies":[{"name":"wp","href":"https:\/\/api.w.org\/{rel}","templated":true}]}}