{"id":18,"date":"2021-12-21T08:07:21","date_gmt":"2021-12-21T08:07:21","guid":{"rendered":"https:\/\/klbtheme.com\/furnob\/?page_id=18"},"modified":"2024-02-10T02:52:43","modified_gmt":"2024-02-10T01:52:43","slug":"refund_returns-2","status":"publish","type":"page","link":"https:\/\/royal-meuble.fr\/index.php\/refund_returns-2\/","title":{"rendered":"Refund and Returns Policy"},"content":{"rendered":"\t\t<div data-elementor-type=\"wp-page\" data-elementor-id=\"18\" class=\"elementor elementor-18\">\n\t\t\t\t\t\t<section class=\"elementor-section elementor-top-section elementor-element elementor-element-236e745 elementor-section-boxed elementor-section-height-default elementor-section-height-default\" data-id=\"236e745\" data-element_type=\"section\" data-e-type=\"section\">\n\t\t\t\t\t\t<div class=\"elementor-container elementor-column-gap-extended\">\n\t\t\t\t\t<div class=\"elementor-column elementor-col-100 elementor-top-column elementor-element elementor-element-25ca3b8\" data-id=\"25ca3b8\" data-element_type=\"column\" data-e-type=\"column\">\n\t\t\t<div class=\"elementor-widget-wrap elementor-element-populated\">\n\t\t\t\t\t\t<div class=\"elementor-element elementor-element-f1094fe elementor-widget elementor-widget-heading\" data-id=\"f1094fe\" data-element_type=\"widget\" data-e-type=\"widget\" data-widget_type=\"heading.default\">\n\t\t\t\t<div class=\"elementor-widget-container\">\n\t\t\t\t\t<h3 class=\"elementor-heading-title elementor-size-default\">Politique de remboursement<\/h3>\t\t\t\t<\/div>\n\t\t\t\t<\/div>\n\t\t\t\t<div class=\"elementor-element elementor-element-4eff753 elementor-widget elementor-widget-text-editor\" data-id=\"4eff753\" data-element_type=\"widget\" data-e-type=\"widget\" data-widget_type=\"text-editor.default\">\n\t\t\t\t<div class=\"elementor-widget-container\">\n\t\t\t\t\t\t\t\t\t<main id=\"MainContent\" class=\"content-for-layout focus-none\" tabindex=\"-1\" role=\"main\">\n<div class=\"shopify-policy__container\">\n<div class=\"shopify-policy__body\">\n<div class=\"rte\">\n<h3><b>7 Retour des produits<\/b><\/h3>\n<p>7.1 Droit de r\u00e9tractation<\/p>\n<p>\u00a0<\/p>\n<p>Conform\u00e9ment \u00e0 l\u2019article L.121-20 du Code de la consommation, le Client dispose d\u2019un d\u00e9lai de quatorze jours francs \u00e0 compter du jour de r\u00e9ception de la commande pour retourner \u00e0 ses frais l\u2019int\u00e9gralit\u00e9 de sa commande et obtenir, au choix du Client, l\u2019\u00e9change des produits, un avoir ou un remboursement correspondant au montant de sa commande.<\/p>\n<p>Le client doit faire part de sa d\u00e9cision \u00e0 l&#8217;\u00e9crit au service apr\u00e8s-vente \u00e0 l\u2019adresse suivante : <a href=\"mailto:contact@royal-meuble.fr\">contact@royal-meuble.fr<\/a> ou par t\u00e9l\u00e9phone.\u00a0<\/p>\n<p>Si vous souhaitez un enl\u00e8vement par le service de transport de Sp\u00e9ciale Meubles, vous devez vous acquitter pr\u00e9alablement des frais de transport du produit vers le magasin Sp\u00e9ciale Meubles au lieu de livraison indiqu\u00e9 sur le bon de commande.<\/p>\n<p>Les frais de retour correspondent dans ce cas aux frais de livraison initiaux moyennant un suppl\u00e9ment, applicables au(x) produit(s), et consultables sur notre site <a href=\"https:\/\/royal-meuble.fr\/\">royal-meuble.fr<\/a><\/p>\n<p>Vous pouvez aussi vous-m\u00eame d\u00e9poser gratuitement votre produit, dans le magasin muni de votre justificatif d\u2019achat. \u202f\u00a0<\/p>\n<p>\u00a0*Voir formulaire de r\u00e9tractation\u00a0<\/p>\n<p>\u00a0<\/p>\n<p>7.2 Exclusions du droit de r\u00e9tractation<\/p>\n<p>\u00a0Le droit de r\u00e9tractation ne s\u2019applique que pour les commandes faites sur le site Internet ou par t\u00e9l\u00e9phone.<\/p>\n<p>Concernant les commandes faites en magasin et les personnalisations, Royal Meuble ne fait ni reprise ni \u00e9change de produit.<\/p>\n<p>\u00a0<\/p>\n<p>7.3 Modalit\u00e9s de retour des produits<\/p>\n<p>ROYALE MEUBLE accepte le retour de tout article achet\u00e9 sur <a href=\"https:\/\/royal-meuble.fr\/\">royal-meuble.fr<\/a> si celui-ci est retourn\u00e9 \u00e0 ROYALE MEUBLE dans un d\u00e9lai de 30 (trente) jours \u00e0 compter de la date de r\u00e9ception de sa commande par le Client. Les frais de port du colis de retour demeurent \u00e0 la charge du Client, except\u00e9 en cas de d\u00e9faut de conformit\u00e9 des produits livr\u00e9s par rapport \u00e0 la commande. En cas d\u2019\u00e9change de produit(s), les frais li\u00e9s \u00e0 une nouvelle livraison de produits sont \u00e0 la charge du Client.<\/p>\n<p>Le droit d\u2019\u00e9change ou de remboursement ne s\u2019applique que dans la mesure o\u00f9 le produit est renvoy\u00e9 en parfait \u00e9tat de revente, emball\u00e9 (ou re-emball\u00e9) dans son emballage d\u2019origine, complet et ne pr\u00e9sentant aucune trace de choc, de dysfonctionnement ou d\u2019utilisation. Royale Meuble se r\u00e9serve le droit de refuser cet \u00e9change ou ce remboursement si les produits re\u00e7us en retour ne respectent pas ces conditions. Les remboursements sont effectu\u00e9s sur la carte bancaire utilis\u00e9e \u00e0 l\u2019origine pour payer l\u2019achat. Royale Meuble n\u2019accepte pas les colis adress\u00e9s en port d\u00fb. Tout risque li\u00e9 au retour du produit est \u00e0 la charge du client.<\/p>\n<\/div>\n<\/div>\n<\/div>\n<\/main>\n<div id=\"shopify-section-footer\" class=\"shopify-section\"><footer class=\"footer color-background-2 gradient section-footer-padding\">\n<div class=\"footer__content-top page-width\">\n<div class=\"footer__blocks-wrapper grid grid--1-col grid--2-col grid--4-col-tablet \">\n<div class=\"footer-block grid__item footer-block--menu\">\u00a0<\/div>\n<\/div>\n<\/div>\n<\/footer><\/div>\t\t\t\t\t\t\t\t<\/div>\n\t\t\t\t<\/div>\n\t\t\t\t\t<\/div>\n\t\t<\/div>\n\t\t\t\t\t<\/div>\n\t\t<\/section>\n\t\t\t\t<\/div>\n\t\t","protected":false},"excerpt":{"rendered":"<p>Politique de remboursement 7 Retour des produits 7.1 Droit de r\u00e9tractation \u00a0 Conform\u00e9ment \u00e0 l\u2019article L.121-20 du Code de la consommation, le Client dispose d\u2019un d\u00e9lai de quatorze jours francs \u00e0 compter du jour de r\u00e9ception de la commande pour retourner \u00e0 ses frais l\u2019int\u00e9gralit\u00e9 de sa commande et obtenir, au choix du Client, l\u2019\u00e9change<\/p>\n<div class=\"klb-readmore entry-button\"><a class=\"btn link\" href=\"https:\/\/royal-meuble.fr\/index.php\/refund_returns-2\/\">Lire la suite <i class=\"klbth-icon-right-arrow\"><\/i><\/a><\/div>\n","protected":false},"author":1,"featured_media":0,"parent":0,"menu_order":0,"comment_status":"closed","ping_status":"closed","template":"","meta":{"om_disable_all_campaigns":false,"_monsterinsights_skip_tracking":false,"_monsterinsights_sitenote_active":false,"_monsterinsights_sitenote_note":"","_monsterinsights_sitenote_category":0,"footnotes":""},"class_list":["post-18","page","type-page","status-publish","hentry"],"aioseo_notices":[],"_links":{"self":[{"href":"https:\/\/royal-meuble.fr\/index.php\/wp-json\/wp\/v2\/pages\/18","targetHints":{"allow":["GET"]}}],"collection":[{"href":"https:\/\/royal-meuble.fr\/index.php\/wp-json\/wp\/v2\/pages"}],"about":[{"href":"https:\/\/royal-meuble.fr\/index.php\/wp-json\/wp\/v2\/types\/page"}],"author":[{"embeddable":true,"href":"https:\/\/royal-meuble.fr\/index.php\/wp-json\/wp\/v2\/users\/1"}],"replies":[{"embeddable":true,"href":"https:\/\/royal-meuble.fr\/index.php\/wp-json\/wp\/v2\/comments?post=18"}],"version-history":[{"count":6,"href":"https:\/\/royal-meuble.fr\/index.php\/wp-json\/wp\/v2\/pages\/18\/revisions"}],"predecessor-version":[{"id":3630,"href":"https:\/\/royal-meuble.fr\/index.php\/wp-json\/wp\/v2\/pages\/18\/revisions\/3630"}],"wp:attachment":[{"href":"https:\/\/royal-meuble.fr\/index.php\/wp-json\/wp\/v2\/media?parent=18"}],"curies":[{"name":"wp","href":"https:\/\/api.w.org\/{rel}","templated":true}]}}